{"id":2,"date":"2021-02-21T11:43:26","date_gmt":"2021-02-21T10:43:26","guid":{"rendered":"http:\/\/actsarl.com\/?page_id=2"},"modified":"2021-09-08T13:00:15","modified_gmt":"2021-09-08T12:00:15","slug":"page-d-exemple","status":"publish","type":"page","link":"https:\/\/actsarl.com\/index.php\/page-d-exemple\/","title":{"rendered":"Retour clients &#8230;"},"content":{"rendered":"\n<blockquote class=\"wp-block-quote is-layout-flow wp-block-quote-is-layout-flow\"><p>La digitalisation de notre direction \u00e0 permis d&rsquo;am\u00e9liorer de fa\u00e7on substantielle notre productivit\u00e9. Cela ayant permit la r\u00e9duction de notre charge de travail et la r\u00e9organisation du service pour une meilleure rentabilit\u00e9.<\/p><\/blockquote>\n\n\n\n<blockquote class=\"wp-block-quote is-layout-flow wp-block-quote-is-layout-flow\"><p>La digitalisation d&rsquo;un process \u00e0 permit de s&rsquo;all\u00e9ger de mani\u00e8re significative une t\u00e2che r\u00e9barbative et \u00e9nergivore. <\/p><p>Une t\u00e2che qui prenait en moyenne 23 jours est maintenant r\u00e9alis\u00e9 de mani\u00e8re automatique en quelques minutes. Bravo \u00e0 vous !<\/p><cite>Un client<\/cite><\/blockquote>\n\n\n\n<p><\/p>\n\n\n\n<blockquote class=\"wp-block-quote is-layout-flow wp-block-quote-is-layout-flow\"><p>La digitalisation d&rsquo;un ensemble de service m&rsquo;a permis d&rsquo;avoir un meilleur rendu et une meilleure fiabilit\u00e9 des travaux sous ma responsabilit\u00e9.<\/p><cite>Un client<\/cite><\/blockquote>\n\n\n<h2 class=\"font-700\">Ils nous on fait confiance<\/h2>\n<p class=\"lead\">Un travail bien fait apporte toujours une\u00a0 plus value<\/p>\n<p><img loading=\"lazy\" decoding=\"async\" class=\"size-full wp-image-78 alignnone\" src=\"http:\/\/actsarl.com\/wp-content\/uploads\/2021\/06\/Beac-logo.png\" alt=\"\" width=\"122\" height=\"120\" \/> \u00a0\u00a0\u00a0 \u00a0\u00a0\u00a0 <img loading=\"lazy\" decoding=\"async\" class=\"alignnone size-full wp-image-76\" src=\"http:\/\/actsarl.com\/wp-content\/uploads\/2021\/06\/FirstBank-logo.jpg\" alt=\"\" width=\"251\" height=\"124\" \/> \u00a0\u00a0\u00a0 \u00a0\u00a0\u00a0 <img loading=\"lazy\" decoding=\"async\" class=\"alignnone size-medium wp-image-79\" src=\"http:\/\/actsarl.com\/wp-content\/uploads\/2021\/06\/Dokita-logo-300x142.jpg\" alt=\"\" width=\"300\" height=\"142\" srcset=\"https:\/\/actsarl.com\/wp-content\/uploads\/2021\/06\/Dokita-logo-300x142.jpg 300w, https:\/\/actsarl.com\/wp-content\/uploads\/2021\/06\/Dokita-logo.jpg 316w\" sizes=\"auto, (max-width: 300px) 100vw, 300px\" \/> \u00a0\u00a0\u00a0 \u00a0\u00a0\u00a0 <img loading=\"lazy\" decoding=\"async\" class=\"size-full wp-image-77 alignnone\" src=\"http:\/\/actsarl.com\/wp-content\/uploads\/2021\/06\/Trauma-logo.jpg\" alt=\"\" width=\"213\" height=\"210\" \/><\/p>\n\n\n<p> <\/p>\n","protected":false},"excerpt":{"rendered":"<p>La digitalisation de notre direction \u00e0 permis d&rsquo;am\u00e9liorer de fa\u00e7on substantielle notre productivit\u00e9. Cela ayant permit la r\u00e9duction de notre charge de travail et la r\u00e9organisation du service pour une meilleure rentabilit\u00e9. La digitalisation d&rsquo;un process \u00e0 permit de s&rsquo;all\u00e9ger de mani\u00e8re significative une t\u00e2che r\u00e9barbative et \u00e9nergivore. Une t\u00e2che qui prenait en moyenne 23&hellip; <br \/> <a class=\"read-more\" href=\"https:\/\/actsarl.com\/index.php\/page-d-exemple\/\">Lire la suite<\/a><\/p>\n","protected":false},"author":1,"featured_media":0,"parent":0,"menu_order":0,"comment_status":"closed","ping_status":"open","template":"","meta":{"footnotes":""},"class_list":["post-2","page","type-page","status-publish","hentry"],"_links":{"self":[{"href":"https:\/\/actsarl.com\/index.php\/wp-json\/wp\/v2\/pages\/2","targetHints":{"allow":["GET"]}}],"collection":[{"href":"https:\/\/actsarl.com\/index.php\/wp-json\/wp\/v2\/pages"}],"about":[{"href":"https:\/\/actsarl.com\/index.php\/wp-json\/wp\/v2\/types\/page"}],"author":[{"embeddable":true,"href":"https:\/\/actsarl.com\/index.php\/wp-json\/wp\/v2\/users\/1"}],"replies":[{"embeddable":true,"href":"https:\/\/actsarl.com\/index.php\/wp-json\/wp\/v2\/comments?post=2"}],"version-history":[{"count":14,"href":"https:\/\/actsarl.com\/index.php\/wp-json\/wp\/v2\/pages\/2\/revisions"}],"predecessor-version":[{"id":142,"href":"https:\/\/actsarl.com\/index.php\/wp-json\/wp\/v2\/pages\/2\/revisions\/142"}],"wp:attachment":[{"href":"https:\/\/actsarl.com\/index.php\/wp-json\/wp\/v2\/media?parent=2"}],"curies":[{"name":"wp","href":"https:\/\/api.w.org\/{rel}","templated":true}]}}