{"id":6,"date":"2021-02-21T18:33:38","date_gmt":"2021-02-21T17:33:38","guid":{"rendered":"http:\/\/actsarl.com\/index.php\/mesmerize\/"},"modified":"2025-10-23T15:33:44","modified_gmt":"2025-10-23T14:33:44","slug":"mesmerize","status":"publish","type":"page","link":"https:\/\/actsarl.com\/","title":{"rendered":"Front Page"},"content":{"rendered":"<div  id=\"features-10\" class=\"features-16-card-bordered content-section content-section-spacing\" style=\"background-color: #ffffff;\" data-label=\"Features\" data-id=\"features-16-card-bordered\" data-export-id=\"features-16-card-bordered\" data-category=\"features\">\n<div  class=\"gridContainer\">\n<div  class=\"row text-center\">\n<div  class=\"section-title-col\" data-type=\"column\">\n<h2  class=\"\">Nos domaines d\u2019interventions<\/h2>\n<p  class=\"lead\">Au vu de notre dynamisme et de notre polyvalence, nous avons \u00e9t\u00e9 amen\u00e9s \u00e0 travailler dans divers domaines d\u2019intervention, de plus au travers de l\u2019approche agile nous sommes capables de livrer des solutions au plus pr\u00e8s des besoins du client dans des d\u00e9lais tr\u00e8s courts. Par ailleurs, notre proximit\u00e9 permet aussi de d\u00e9celer les besoins latents qui sont souvent non ou mal identifi\u00e9s.<\/p>\n\n<\/div>\n<\/div>\n<div  class=\"row spaced-cols\" data-type=\"row\">\n<div  class=\"col-xs-12 col-sm-6 col-md-4\">\n<div  class=\"card no-padding bordered y-move\"><img  decoding=\"async\" class=\"face aligncenter\" title=\"cropped-digital.jpg\" src=\"http:\/\/actsarl.com\/wp-content\/uploads\/2021\/04\/cropped-digital.jpg\" alt=\"\">\n<div  class=\"col-padding-small col-padding-small-xs description-container\" data-type=\"column\">\n<h4  class=\"font-500\">Digitalisation de services<\/h4>\n<p  class=\"\">La digitalisation est le proc\u00e9d\u00e9 qui vise \u00e0 transformer un objet, un outil, un process ou un m\u00e9tier en un code informatique afin de le remplacer et le rendre plus performant. La disruption est ici tr\u00e8s importante car, elle permet d\u2019am\u00e9liorer de mani\u00e8re significative les processus.<\/p>\nLes outils exploit\u00e9s dans la digitalisation peuvent \u00eatre:\n<ul  class=\"\">\n \t<li >les sites web;<\/li>\n \t<li >Les applications mobiles;<\/li>\n \t<li >Les logiciels m\u00e9tiers;<\/li>\n \t<li >Les newsletters;<\/li>\n \t<li >les landing pages<\/li>\n<\/ul>\n<\/div>\n<\/div>\n<\/div>\n<div  class=\"col-xs-12 col-sm-6 col-md-4\">\n<div  class=\"card no-padding bordered y-move\"><img loading=\"lazy\"  decoding=\"async\" class=\"alignnone size-full wp-image-128\" src=\"http:\/\/actsarl.com\/wp-content\/uploads\/2021\/09\/Software-Development-300x156-1.jpg\" alt=\"\" width=\"300\" height=\"156\">\n<div  class=\"col-padding-small col-padding-small-xs description-container\" data-type=\"column\">\n<h4  class=\"font-500\">D\u00e9veloppement d\u2019applications<\/h4>\n<p  class=\"\">Nous offrons nos services dans le d\u00e9veloppement ou l\u2019int\u00e9gration de solutions de gestion financi\u00e8re et d\u2019aide \u00e0 la prise de d\u00e9cision sur mesures.&nbsp; Ces d\u00e9veloppements portent aussi bien sur des solutions mobiles (native, web, hybride) ,&nbsp; que des solutions desktop.<\/p>\n\n<\/div>\n<div  class=\"col-padding-small col-padding-small-xs read-more-container\" data-type=\"column\"><a  class=\"read-more\">learn more<\/a><\/div>\n<\/div>\n<\/div>\n<div  class=\"col-xs-12 col-sm-6 col-md-4\">\n<div  class=\"card no-padding bordered y-move\"><img  decoding=\"async\" class=\"face aligncenter\" title=\"cropped-conseil.jpg\" src=\"http:\/\/actsarl.com\/wp-content\/uploads\/2021\/04\/cropped-conseil.jpg\" alt=\"\">\n<div  class=\"col-padding-small col-padding-small-xs description-container\" data-type=\"column\">\n<h4  class=\"font-500\">Conseils et formations<\/h4>\n<p  class=\"\">Nous vous accompagnons par le biais de <strong >conseils<\/strong> de toutes sortes qui vous serons utiles pour optimiser et am\u00e9liorer la croissance de votre entreprise.<\/p>\nDe plus par le biais de <strong  class=\"\">formations<\/strong> \u00e0 distance et sur site, nous am\u00e9liorons les comp\u00e9tences de votre personnel pour qu\u2019il soit outill\u00e9s et \u00e0 m\u00eame de r\u00e9aliser les missions qui leurs sont assign\u00e9es.\n\n<\/div>\n<div  class=\"col-padding-small col-padding-small-xs read-more-container\" data-type=\"column\"><a  class=\"read-more\">learn more<\/a><\/div>\n<\/div>\n<\/div>\n<\/div>\n<\/div>\n<\/div><span  id=\"more-6\"><\/span><span  id=\"more-6\"><\/span><span  id=\"more-6\"><\/span><span  id=\"more-6\"><\/span><!--more--><!--more--><div  id=\"content-13\" class=\"content-2 content-section content-section-spacing\" style=\"background-color: #f5fafd;\" data-label=\"Content\" data-id=\"content-2\" data-export-id=\"content-2\" data-category=\"content\">\n<div >\n<div  class=\"row middle-xs\">\n<div  class=\"col-sm-5 bg-image shadow-large-black\" style=\"background-image: url('http:\/\/actsarl.com\/wp-content\/uploads\/2021\/04\/cropped-Actions.jpg');\" data-bg=\"image\"><\/div>\n<div  class=\"col-sm-7 full-col-left-padding full-col-right-padding\">\n<div  class=\"row\">\n<div  class=\"space-bottom-small content-title-col\" data-type=\"column\">\n<h5  class=\"\">Nos plus values<\/h5>\n<h2  class=\"\">Les secrets de la r\u00e9ussite<\/h2>\n<p  class=\"\">Tout projet fait face \u00e0 de nombreux challenges, des facteurs cl\u00e9s de succ\u00e8s sont \u00e0 ma\u00eetriser pour entrer dans le cercle vertueux et r\u00e9ussir un projet. Pour leur part, Belassi et Tuket ont aussi \u00e9tudi\u00e9 et analys\u00e9 divers projets r\u00e9alis\u00e9s entre 1971 et 2002, les facteurs suivants ressortent clairement<\/p>\n\n<\/div>\n<\/div>\n<div  class=\"row spaced-cols \" data-type=\"row\">\n<div  class=\"col-xs-6\" data-type=\"column\">\n<h5  class=\"\">D\u00e9finition de la mission et des buts<\/h5>\n<p  class=\"\">D\u00e9finition des buts, de l\u2019ampleur du travail (scope) et des besoins du client<\/p>\n\n<\/div>\n<div  class=\"col-xs-6\" data-type=\"column\">\n<h5  class=\"\">Soutien de la haute direction<\/h5>\n<p  class=\"\">Engagement continu, \u00c9quipe de projet, main-d\u2019\u0153uvre, pr\u00e9cision des estimations, contr\u00f4le et suivi.<\/p>\n\n<\/div>\n<div  class=\"col-xs-6\" data-type=\"column\">\n<h5  class=\"\">Engagement du client<\/h5>\n<p  class=\"\">Le client s\u2019engage de bonne foi \u00e0 \u00eatre mis \u00e0 contribution pour la bonne marche du projet.<\/p>\n\n<\/div>\n<div  class=\"col-xs-6\" data-type=\"column\">\n<h5  class=\"\">Gestionnaire du projet<\/h5>\n<p  class=\"\">Comp\u00e9tence et engagement \u00ab terrain \u00bb<\/p>\n\n<\/div>\n<\/div>\n<\/div>\n<\/div>\n<\/div>\n<\/div><div  id=\"portfolio-3\" class=\"portfolio-4 content-section content-section-spacing-top\" style=\"background-color: #f5fafd;\" data-label=\"Portfolio\" data-id=\"portfolio-4\" data-export-id=\"portfolio-4\" data-category=\"portfolio\">\n<div  class=\"\">\n<div  class=\"row text-center\">\n<div  class=\"section-title-col\" data-type=\"column\">\n<h2  class=\"\">Portfolio<\/h2>\n<p  class=\"lead\">Avec la mont\u00e9e en puissance de la digitalisation et de la Fintech, nous vous ofrons des possibilit\u00e9s infinies pour pousser votre activit\u00e9 \u00e0 un autre niveau<\/p>\n\n<\/div>\n<\/div>\n<div  class=\"row\" data-type=\"row\" data-fixed=\"true\">\n<div  class=\"col-xs-12 col-sm-3 no-gutter-col\">\n<div  class=\"contentswap-effect\" data-hover-fx=\"portfolio-4\">\n<div  class=\"initial-image\"><img  decoding=\"async\" src=\"http:\/\/actsarl.com\/wp-content\/plugins\/mesmerize-companion\/theme-data\/mesmerize\/sections\/images\/apple-1838564.jpg\" data-size=\"542x360\"><\/div>\n<div  class=\"overlay bg-color1\"><\/div>\n<div  class=\"swap-inner col-xs-12\">\n<div  class=\"row full-height-row middle-xs middle-sm\">\n<div  class=\"col-xs-12 text-center content-holder\"><\/div>\n<\/div>\n<\/div>\n<\/div>\n<\/div>\n<div  class=\"col-xs-12 col-sm-3 no-gutter-col\">\n<div  class=\"contentswap-effect\" data-hover-fx=\"portfolio-4\">\n<div  class=\"initial-image\"><img  decoding=\"async\" src=\"http:\/\/actsarl.com\/wp-content\/plugins\/mesmerize-companion\/theme-data\/mesmerize\/sections\/images\/laptop-2559795.jpg\" data-size=\"542x360\"><\/div>\n<div  class=\"overlay bg-color1\"><\/div>\n<div  class=\"swap-inner col-xs-12\">\n<div  class=\"row full-height-row middle-xs middle-sm\">\n<div  class=\"col-xs-12 text-center content-holder\"><\/div>\n<\/div>\n<\/div>\n<\/div>\n<\/div>\n<div  class=\"col-xs-12 col-sm-3 no-gutter-col\">\n<div  class=\"contentswap-effect\" data-hover-fx=\"portfolio-4\">\n<div  class=\"initial-image\"><img  decoding=\"async\" src=\"http:\/\/actsarl.com\/wp-content\/plugins\/mesmerize-companion\/theme-data\/mesmerize\/sections\/images\/computer-2569652.jpg\" data-size=\"542x360\"><\/div>\n<div  class=\"overlay bg-color1\"><\/div>\n<div  class=\"swap-inner col-xs-12\">\n<div  class=\"row full-height-row middle-xs middle-sm\">\n<div  class=\"col-xs-12 text-center content-holder\"><\/div>\n<\/div>\n<\/div>\n<\/div>\n<\/div>\n<div  class=\"col-xs-12 col-sm-3 no-gutter-col\">\n<div  class=\"contentswap-effect\" data-hover-fx=\"portfolio-4\">\n<div  class=\"initial-image\"><img  decoding=\"async\" src=\"http:\/\/actsarl.com\/wp-content\/plugins\/mesmerize-companion\/theme-data\/mesmerize\/sections\/images\/laptop-2559795.jpg\" data-size=\"542x360\"><\/div>\n<div  class=\"overlay bg-color1\"><\/div>\n<div  class=\"swap-inner col-xs-12\">\n<div  class=\"row full-height-row middle-xs middle-sm\">\n<div  class=\"col-xs-12 text-center content-holder\"><\/div>\n<\/div>\n<\/div>\n<\/div>\n<\/div>\n<div  class=\"col-xs-12 col-sm-3 no-gutter-col\">\n<div  class=\"contentswap-effect\" data-hover-fx=\"portfolio-4\">\n<div  class=\"initial-image\"><\/div>\n<div  class=\"overlay bg-color1\"><\/div>\n<div  class=\"swap-inner col-xs-12\">\n<div  class=\"row full-height-row middle-xs middle-sm\">\n<div  class=\"col-xs-12 text-center content-holder\"><\/div>\n<\/div>\n<\/div>\n<\/div>\n<\/div>\n<div  class=\"col-xs-12 col-sm-3 no-gutter-col\">\n<div  class=\"contentswap-effect\" data-hover-fx=\"portfolio-4\">\n<div  class=\"initial-image\"><\/div>\n<div  class=\"overlay bg-color1\"><\/div>\n<div  class=\"swap-inner col-xs-12\">\n<div  class=\"row full-height-row middle-xs middle-sm\">\n<div  class=\"col-xs-12 text-center content-holder\"><\/div>\n<\/div>\n<\/div>\n<\/div>\n<\/div>\n<div  class=\"col-xs-12 col-sm-3 no-gutter-col\">\n<div  class=\"contentswap-effect\" data-hover-fx=\"portfolio-4\">\n<div  class=\"initial-image\"><\/div>\n<div  class=\"overlay bg-color1\"><\/div>\n<div  class=\"swap-inner col-xs-12\">\n<div  class=\"row full-height-row middle-xs middle-sm\">\n<div  class=\"col-xs-12 text-center content-holder\"><\/div>\n<\/div>\n<\/div>\n<\/div>\n<\/div>\n<div  class=\"col-xs-12 col-sm-3 no-gutter-col\">\n<div  class=\"contentswap-effect\" data-hover-fx=\"portfolio-4\">\n<div  class=\"initial-image\"><\/div>\n<div  class=\"overlay bg-color1\"><\/div>\n<div  class=\"swap-inner col-xs-12\">\n<div  class=\"row full-height-row middle-xs middle-sm\">\n<div  class=\"col-xs-12 text-center content-holder\"><\/div>\n<\/div>\n<\/div>\n<\/div>\n<\/div>\n<\/div>\n<\/div>\n<\/div><div  id=\"cta-1\" class=\"cta-blue-section content-section content-section-spacing-medium bg-color1 white-text\" data-label=\"Cta\" data-id=\"cta-blue-section\" data-export-id=\"cta-blue-section\" data-category=\"cta\">\n<div  class=\"gridContainer\">\n<div  class=\"row middle-xs\">\n<div  class=\"col-sm-8 space-bottom-xs\" data-type=\"column\">\n<h2  class=\"\">Rejoignez nous ! \u00e7a vous prendra quelque minutes<\/h2>\n<\/div>\n<div  class=\"col-sm-4 end-sm\" data-type=\"column\"><a  class=\"button color2\" href=\"#\" target=\"_self\" rel=\"noopener\" data-cp-link=\"1\">COMMENCEZ AUJOURD\u2019HUI<\/a><\/div>\n<\/div>\n<\/div>\n<\/div><div  id=\"team-2\" class=\"team-2 content-section content-section-spacing\" style=\"background-color: #ffffff; background-image: none;\" data-label=\"Team\" data-id=\"team-2\" data-export-id=\"team-2\" data-category=\"team\">\n<div  class=\"gridContainer\">\n<div  class=\"row text-center\">\n<div  class=\"section-title-col\" data-type=\"column\">\n<h2  class=\"\">Notre \u00e9quipe<\/h2>\n<p  class=\"lead\">Nous sommes une \u00e9quipe constitu\u00e9e de jeunes et dynamiques ing\u00e9nieurs form\u00e9s dans les meilleurs \u00e9coles de formation du continent. Nous nous proposons d\u2019offrir nos comp\u00e9tences \u00e0 toutes entreprises et PME de la sous r\u00e9gion et d\u2019ailleurs pour l\u2019accomplissement de leurs projet aussi bien de digitalisation que de d\u00e9veloppement ou d\u2019int\u00e9gration de logiciels m\u00e9tier.<\/p>\n\n<\/div>\n<div  class=\"section-title-col\" data-type=\"column\">\n<p  class=\"lead\"><\/p>\n\n<\/div>\n<\/div>\n<div  class=\"row spaced-cols content-center-sm center-sm\" data-type=\"row\">\n<div  class=\"col-sm-6 col-md-3\">\n<div  class=\"card y-move no-padding bordered\">\n\n<img  fetchpriority=\"high\" decoding=\"async\" class=\"size-medium wp-image-122 aligncenter\" src=\"http:\/\/actsarl.com\/wp-content\/uploads\/2021\/09\/Tof-Aime-1-300x300.jpeg\" alt=\"\" width=\"300\" height=\"300\" srcset=\"http:\/\/actsarl.com\/wp-content\/uploads\/2021\/09\/Tof-Aime-1-300x300.jpeg 300w, http:\/\/actsarl.com\/wp-content\/uploads\/2021\/09\/Tof-Aime-1-150x150.jpeg 150w, http:\/\/actsarl.com\/wp-content\/uploads\/2021\/09\/Tof-Aime-1-768x768.jpeg 768w, http:\/\/actsarl.com\/wp-content\/uploads\/2021\/09\/Tof-Aime-1.jpeg 800w\" sizes=\"(max-width: 300px) 100vw, 300px\">\n<div  class=\"col-padding-small col-padding-small-xs description-container\" data-type=\"column\">\n<h4  class=\"font-500\">NONO Aim\u00e9<\/h4>\n<h4  class=\"font-500\">Co-founder<\/h4>\n<p  class=\"small\" style=\"font-style: italic;\">CEO<\/p>\naime.nono@actsarl.com\n<div  class=\"social-icons-group\" data-type=\"group\"><\/div>\n<\/div>\n<\/div>\n<\/div>\n<div  class=\"col-sm-6 col-md-3\">\n<div  class=\"card y-move no-padding bordered\"><img loading=\"lazy\"  decoding=\"async\" class=\"size-medium wp-image-125 aligncenter\" src=\"http:\/\/actsarl.com\/wp-content\/uploads\/2021\/09\/Tof-Dany_bon-2-1-300x300.jpeg\" alt=\"\" width=\"300\" height=\"300\" srcset=\"http:\/\/actsarl.com\/wp-content\/uploads\/2021\/09\/Tof-Dany_bon-2-1-300x300.jpeg 300w, http:\/\/actsarl.com\/wp-content\/uploads\/2021\/09\/Tof-Dany_bon-2-1-150x150.jpeg 150w, http:\/\/actsarl.com\/wp-content\/uploads\/2021\/09\/Tof-Dany_bon-2-1-768x768.jpeg 768w, http:\/\/actsarl.com\/wp-content\/uploads\/2021\/09\/Tof-Dany_bon-2-1.jpeg 800w\" sizes=\"auto, (max-width: 300px) 100vw, 300px\">\n<div  class=\"col-padding-small col-padding-small-xs description-container\" data-type=\"column\">\n<h4  class=\"font-500\">DJIMGOU Dany<\/h4>\n<h4  class=\"font-500\">Co-founder<\/h4>\n<p  class=\"small\" style=\"font-style: italic;\">CTO<\/p>\ndany.djimgou@actsarl.com\n<div  class=\"social-icons-group\" data-type=\"group\"><\/div>\n<\/div>\n<\/div>\n<\/div>\n<div  class=\"col-sm-6 col-md-3\">\n<div  class=\"card y-move no-padding bordered\"><a  href=\"#\" target=\"_self\" rel=\"noopener\" data-cp-link=\"1\"><img  class=\"face\"><\/a>\n<div  class=\"col-padding-small col-padding-small-xs description-container\" data-type=\"column\">\n<a data-cp-link=\"1\" href=\"#\"  class=\"\"><img decoding=\"async\"  class=\"custom-image\" src=\"http:\/\/actsarl.com\/wp-content\/uploads\/2025\/10\/cropped-cropped-photo_berenge.jpg\" title=\"cropped-cropped-photo_berenge.jpg\" alt=\"\"><\/a><h4  class=\"font-500\">FOZE B\u00e9renge\nCo-founder<\/h4>\n<p  class=\"small\" style=\"font-style: italic;\">CFO<\/p>\nberenge.tamo@actsarl.com\n<div  class=\"social-icons-group\" data-type=\"group\"><\/div>\n<\/div>\n<\/div>\n<\/div>\n<\/div>\n<\/div>\n<\/div><div  id=\"contact-1\" class=\"contact-1 content-section content-section-spacing white-text\" data-label=\"Contact\" data-id=\"contact-1\" data-export-id=\"contact-1\" data-category=\"contact\" data-parallax-depth=\"20\">\n<div  class=\"gridContainer\">\n<div  class=\"row text-center\">\n<div  class=\"section-title-col\" data-type=\"column\">\n<h2  class=\"\">Nous contacter<\/h2>\n<p  class=\"lead\">Profiter d\u2019avantage des services d\u2019experts en conseils et d\u00e9veloppement logiciel.<\/p>\n\n<\/div>\n<\/div>\n<div  class=\"row text-center\">\n<div  class=\"col-xs-12 col-sm-8 col-sm-offset-2 contact-form-wrapper inline-info\">\n<div  class=\"card large-padding\">\n<div  class=\"\" data-content-shortcode=\"mesmerize_contact_form shortcode=&quot;wpforms id=&amp;amp;quot;70&amp;amp;quot;&quot;\" data-editable=\"true\"><div class=\"wpforms-container wpforms-container-full\" id=\"wpforms-70\"><form id=\"wpforms-form-70\" class=\"wpforms-validate wpforms-form\" data-formid=\"70\" method=\"post\" enctype=\"multipart\/form-data\" action=\"\/index.php\/wp-json\/wp\/v2\/pages\/6\" data-token=\"a30b756dd680581964a856ec2d5afe81\"><noscript class=\"wpforms-error-noscript\">Veuillez activer JavaScript dans votre navigateur pour remplir ce formulaire.<\/noscript><div class=\"wpforms-field-container\"><div id=\"wpforms-70-field_0-container\" class=\"wpforms-field wpforms-field-name\" data-field-id=\"0\"><label class=\"wpforms-field-label\" for=\"wpforms-70-field_0\">Pr\u00e9noms et Noms <span class=\"wpforms-required-label\">*<\/span><\/label><div class=\"wpforms-field-row wpforms-field-large\"><div class=\"wpforms-field-row-block wpforms-first wpforms-one-half\"><input type=\"text\" id=\"wpforms-70-field_0\" class=\"wpforms-field-name-first wpforms-field-required\" name=\"wpforms[fields][0][first]\" required><label for=\"wpforms-70-field_0\" class=\"wpforms-field-sublabel after \">Pr\u00e9nom<\/label><\/div><div class=\"wpforms-field-row-block wpforms-one-half\"><input type=\"text\" id=\"wpforms-70-field_0-last\" class=\"wpforms-field-name-last wpforms-field-required\" name=\"wpforms[fields][0][last]\" required><label for=\"wpforms-70-field_0-last\" class=\"wpforms-field-sublabel after \">Nom<\/label><\/div><\/div><\/div><div id=\"wpforms-70-field_1-container\" class=\"wpforms-field wpforms-field-email\" data-field-id=\"1\"><label class=\"wpforms-field-label\" for=\"wpforms-70-field_1\">Email <span class=\"wpforms-required-label\">*<\/span><\/label><input type=\"email\" id=\"wpforms-70-field_1\" class=\"wpforms-field-large wpforms-field-required\" name=\"wpforms[fields][1]\" required><\/div><div id=\"wpforms-70-field_2-container\" class=\"wpforms-field wpforms-field-textarea\" data-field-id=\"2\"><label class=\"wpforms-field-label\" for=\"wpforms-70-field_2\">Commentaire ou Message <span class=\"wpforms-required-label\">*<\/span><\/label><textarea id=\"wpforms-70-field_2\" class=\"wpforms-field-large wpforms-field-required\" name=\"wpforms[fields][2]\" required><\/textarea><\/div><\/div><div class=\"wpforms-field wpforms-field-hp\"><label for=\"wpforms-70-field-hp\" class=\"wpforms-field-label\">Comment<\/label><input type=\"text\" name=\"wpforms[hp]\" id=\"wpforms-70-field-hp\" class=\"wpforms-field-medium\"><\/div><div class=\"wpforms-submit-container\" ><input type=\"hidden\" name=\"wpforms[id]\" value=\"70\"><input type=\"hidden\" name=\"wpforms[author]\" value=\"1\"><button type=\"submit\" name=\"wpforms[submit]\" class=\"wpforms-submit button color1\" id=\"wpforms-submit-70\" value=\"wpforms-submit\" aria-live=\"assertive\" data-alt-text=\"Sending...\" data-submit-text=\"Envoyer\">Envoyer<\/button><\/div><\/form><\/div>  <!-- .wpforms-container --><\/div>\n<\/div>\n<\/div>\n<\/div>\n<\/div>\n<\/div>","protected":false},"excerpt":{"rendered":"<p>Nos domaines d\u2019interventions Au vu de notre dynamisme et de notre polyvalence, nous avons \u00e9t\u00e9 amen\u00e9s \u00e0 travailler dans divers domaines d\u2019intervention, de plus au travers de l\u2019approche agile nous sommes capables de livrer des solutions au plus pr\u00e8s des besoins du client dans des d\u00e9lais tr\u00e8s courts. Par ailleurs, notre proximit\u00e9 permet aussi de&hellip; <br \/> <a class=\"read-more\" href=\"https:\/\/actsarl.com\/\">Lire la suite<\/a><\/p>\n","protected":false},"author":1,"featured_media":0,"parent":0,"menu_order":0,"comment_status":"closed","ping_status":"closed","template":"page-templates\/homepage.php","meta":{"footnotes":""},"class_list":["post-6","page","type-page","status-publish","hentry"],"_links":{"self":[{"href":"https:\/\/actsarl.com\/index.php\/wp-json\/wp\/v2\/pages\/6","targetHints":{"allow":["GET"]}}],"collection":[{"href":"https:\/\/actsarl.com\/index.php\/wp-json\/wp\/v2\/pages"}],"about":[{"href":"https:\/\/actsarl.com\/index.php\/wp-json\/wp\/v2\/types\/page"}],"author":[{"embeddable":true,"href":"https:\/\/actsarl.com\/index.php\/wp-json\/wp\/v2\/users\/1"}],"replies":[{"embeddable":true,"href":"https:\/\/actsarl.com\/index.php\/wp-json\/wp\/v2\/comments?post=6"}],"version-history":[{"count":48,"href":"https:\/\/actsarl.com\/index.php\/wp-json\/wp\/v2\/pages\/6\/revisions"}],"predecessor-version":[{"id":157,"href":"https:\/\/actsarl.com\/index.php\/wp-json\/wp\/v2\/pages\/6\/revisions\/157"}],"wp:attachment":[{"href":"https:\/\/actsarl.com\/index.php\/wp-json\/wp\/v2\/media?parent=6"}],"curies":[{"name":"wp","href":"https:\/\/api.w.org\/{rel}","templated":true}]}}